{"id":11502,"date":"2019-03-21T15:20:48","date_gmt":"2019-03-21T20:20:48","guid":{"rendered":"https:\/\/ieraimundolourdes.edu.co\/web\/?page_id=11502"},"modified":"2024-02-01T23:07:39","modified_gmt":"2024-02-02T04:07:39","slug":"nuestro-colegio","status":"publish","type":"page","link":"https:\/\/ieraimundolourdes.edu.co\/web\/nuestro-colegio\/","title":{"rendered":"Nuestro Colegio"},"content":{"rendered":"<div class=\"wpb-content-wrapper\"><p>[vc_row][vc_column]<div class=\"thim-widget-heading template-base\"><div class=\"sc_heading  text-center\"><h3 style=\"font-size:35px;font-weight:600;\" class=\"title\">Informaci\u00f3n <strong>Institucional<\/strong><\/h3><\/div><\/div>[\/vc_column][\/vc_row][vc_row css=\u00bb.vc_custom_1559531433775{margin-bottom: 15px !important;}\u00bb][vc_column width=\u00bb1\/2&#8243; css=\u00bb.vc_custom_1563377519349{margin-bottom: 30px !important;}\u00bb][vc_column_text]<\/p>\n<h3 class=\"thim-text-title\">Misi\u00f3n<\/h3>\n<p>La instituci\u00f3n Educativa Raimundo Ord\u00f3\u00f1ez Y\u00e1\u00f1ez, ofrece Educaci\u00f3n formal Inclusiva para ni\u00f1os, ni\u00f1as, j\u00f3venes y adultos en los niveles de preescolar, b\u00e1sica primaria y secundaria, Media T\u00e9cnica y Proyecto\u00a0Ser Humano; formando ciudadanos integrales, con capacidad de conocer, investigar, decidir, actuar,\u00a0ser, sentir y convivir en armon\u00eda con el medio ambiente, con los dem\u00e1s y consigo mismos; que\u00a0propicien cambios significativos, que contribuyan al desarrollo de la sociedad.[\/vc_column_text][\/vc_column][vc_column width=\u00bb1\/2&#8243; css=\u00bb.vc_custom_1563377526054{margin-bottom: 30px !important;}\u00bb][vc_column_text]<\/p>\n<h3 class=\"thim-text-title\">Visi\u00f3n<\/h3>\n<p>La Instituci\u00f3n Educativa Raimundo Ord\u00f3\u00f1ez Y\u00e1\u00f1ez, en el a\u00f1o 2027, ser\u00e1 reconocida como establecimiento l\u00edder a nivel departamental, en la formaci\u00f3n de j\u00f3venes integrales, con proyectos de vida definidos, fortaleciendo la formaci\u00f3n en valores y saberes; mediante un modelo educativo constructivista, que proporcione a los estudiantes una educaci\u00f3n de calidad, permiti\u00e9ndoles trascender en la sociedad, conviviendo en el marco de derechos y deberes para garantizar la conservaci\u00f3n del medio ambiente, la democracia, la equidad y la paz.[\/vc_column_text][\/vc_column][\/vc_row][vc_row][vc_column][vc_tta_tabs][vc_tta_section title=\u00bbBiograf\u00edas de los Padres\u00bb tab_id=\u00bb1553201553639-a4a157b2-0618&#8243;][vc_column_text]BIOGRAF\u00cdA DEL PADRE RAIMUNDO ORD\u00d3\u00d1EZ Y\u00c1\u00d1EZ<\/p>\n<p><img decoding=\"async\" class=\"alignleft\" src=\"https:\/\/ieraimundolourdes.edu.co\/web\/wp-content\/uploads\/2019\/07\/image002-139x150.png\" \/>Naci\u00f3 en Gramalote el 24 de Mayo de 1863, siendo bautizado en Salazar de las Palmas. Sus padres Don Jos\u00e9 Ord\u00f3\u00f1ez y Do\u00f1a Antonia Y\u00e1\u00f1ez de Ord\u00f3\u00f1ez. Hizo sus primeros estudios en su pueblo natal, m\u00e1s tarde se dirigi\u00f3 a Bogot\u00e1 en donde ingreso al seminario, all\u00ed fue estudiante de Monse\u00f1or Carrasquilla de qui\u00e9n hered\u00f3 los datos de gran orador sagrado. La guerra civil de 1885 interrumpi\u00f3 sus estudios temporalmente, los cuales termin\u00f3 en el seminario de Nueva Pamplona el 19 de abril de 1891. Ordenado sacerdote por medio de la Oraci\u00f3n Consecratoria por el ilustr\u00edsimo Obispo Monse\u00f1or Ignacio Antonio Parra. Fue cura p\u00e1rroco de Silos, Mut\u00edscua, C\u00e1cota, Lebrija, Surat\u00e1, \u00dapala, Carcasa, Toledo, Florida Blanca, Santiago, Arboledas, Sardinata y Lourdes.<\/p>\n<p>El 6 de agosto de 1905 coloc\u00f3 la primera piedra de la iglesia parroquial del caser\u00edo que mas tarde se llamar\u00eda Lourdes y aquella iglesia se llamar\u00eda El templo de Nuestra Se\u00f1ora del Perpetuo Socorro en homenaje a la advocaci\u00f3n de la virgen que tanto amara. Hoy sirve de capilla del colegio que lleva su nombre, constituyendo un verdadero orgullo de progreso en la vida del occidente Nortesantandereano.<\/p>\n<p>El padre Raimundo Ord\u00f3\u00f1ez Y\u00e1\u00f1ez muri\u00f3 cerca del corregimiento de Las Mercedes (municipio de Sardinata), su \u00faltima fundaci\u00f3n, en su hacienda denominada Agualinda en d\u00eda jueves 23 de Enero de 1936 a las 10 de la ma\u00f1ana cuando iba a cumplir 73 a\u00f1os de edad, su cad\u00e1ver fue trasladado a Lourdes donde fue sepultado solemnemente.<\/p>\n<p>BIOGRAF\u00cdA DEL PADRE JOS\u00c9 ROSARIO DUARTE GUTI\u00c9RREZ<\/p>\n<p><img decoding=\"async\" class=\"alignleft\" src=\"https:\/\/ieraimundolourdes.edu.co\/web\/wp-content\/uploads\/2019\/07\/image004-150x150.png\" \/>El 12 de Agosto de 1958, el excelent\u00edsimo Monse\u00f1or Rafael P\u00e9rez Hern\u00e1ndez, nombr\u00f3 como P\u00e1rroco de Lourdes al Presb\u00edtero Jos\u00e9 Rosario Duarte Guti\u00e9rrez, qui\u00e9n se desempe\u00f1aba como P\u00e1rroco en la vecina poblaci\u00f3n de Sardinata, para reemplazar al Presb\u00edtero Ruan, qui\u00e9n para la \u00e9poca de los hechos era el jefe espiritual de Lourdes.<\/p>\n<p>El Padre Duarte, fue el art\u00edfice de la adoraci\u00f3n al retablo que aparece en el Altar Central del templo parroquial. Pues \u00e9l hall\u00f3 un retablo olvidado y abandonado que se veneraba con el nombre de Santa Rosal\u00eda. Tom\u00e1ndolo en sus manos y llev\u00e1ndolo hacia la luz, se encontr\u00f3 con la sorpresa que en el fondo de una imagen muy borrosa, aparec\u00eda el rostro semejante al de la Inmaculada Concepci\u00f3n, con las manos puestas en el pecho como apretando un c\u00e1liz, con doce estrellas y con corona sobre su cabeza, como nimbo de sus rostro, parec\u00eda las im\u00e1genes de la \u00e9poca de la Colonia.<\/p>\n<p>El sacerdote Jos\u00e9 Rosario, toma la imagen y la hace conocer a todos los feligreses, afirmando que no es Santa Rosal\u00eda, sino la imagen de la Sant\u00edsima Virgen Mar\u00eda. Algunos feligreses se acordaron del retablo encontrado por la joven campesina Mar\u00eda Ure\u00f1a en la vereda Volcanes, hacia el a\u00f1o de 1900 y que el Presb\u00edtero Raimundo Ord\u00f3\u00f1ez Y\u00e1\u00f1ez, la denomin\u00f3 como Santa Rosal\u00eda, la cual es la protectora de los amigos del progreso y del bienestar social.<\/p>\n<p>El Presb\u00edtero Duarte, fue el principal impulsor de la educaci\u00f3n del municipio, creando en la zona rural, tres establecimientos educativos: la Escuela Santa Ana en la vereda la Armenia, la Escuela San Antonio en la vereda El Naranjal (parte baja) y la Escuela Las Brisas en la vereda Campo Rico (parte alta). Adem\u00e1s fue el precursor de la Escuela Agr\u00edcola Guzm\u00e1n Prada y del Hogar de la Joven.<\/p>\n<p>El Padre Jos\u00e9 Rosario Duarte Guti\u00e9rrez, cristaliz\u00f3 el pensamiento del Presb\u00edtero Raimundo Ord\u00f3\u00f1ez Y\u00e1\u00f1ez, el cual era de fundar una Escuela Apost\u00f3lica y al fin de muchos d\u00edas se obr\u00f3 el milagro: El pensamiento cobr\u00f3 vida. Las dificultades que se presentaron fueron innumerables y casi parec\u00edan invencibles, pero el tes\u00f3n y la persistencia del Padre vencieron los obst\u00e1culos y dio comienzo a la obra de la educaci\u00f3n. Se iniciaron los estudios de secundaria en el a\u00f1o de 1960, utilizando la Casa Cural Antigua, gracias a la colaboraci\u00f3n de Se\u00f1or Obispo de la Di\u00f3cesis de C\u00facuta y a la gesti\u00f3n del Presb\u00edtero del municipio Jos\u00e9 Rosario Duarte. Se nombr\u00f3 como maestro de los primeros grados al joven: Jos\u00e9 Ignacio Latorre, reci\u00e9n ordenado como presb\u00edtero y ligado a este pueblo por muchos familiares que aqu\u00ed resid\u00edan (Familia Latorre). Se le dio el nombre por parte del Presb\u00edtero Duarte (Primer Rector de la Instituci\u00f3n) de Escuela Apost\u00f3lica, en honor a los Disc\u00edpulos del Salvador y la misi\u00f3n del sacerdote era la de seguir la evangelizaci\u00f3n en el municipio y de formar personas \u00fatiles a la sociedad dentro de la fe Cristiana Cat\u00f3lica.<\/p>\n<p>Tambi\u00e9n en la d\u00e9cada de los 60\u00b4, el Padrea Duarte, adquiri\u00f3 los potreros donde hoy est\u00e1 ubicada la secci\u00f3n Primaria de la Instituci\u00f3n Educativa y el Hogar Geri\u00e1trico Santa Teresita y el Hogar Juvenil Campesino. En esta \u00e1rea se empez\u00f3 a construir el barrio Obrero, lo que hoy se denomina barrio Jos\u00e9 Rosario Duarte y el Roc\u00edo.<\/p>\n<p>Al sacerdote tambi\u00e9n se le atribuyen los trazos de la v\u00eda carreteable a la vereda Campo Rico por el sitio denominado Casa de Zinc.[\/vc_column_text][\/vc_tta_section][\/vc_tta_tabs][\/vc_column][\/vc_row][vc_row][vc_column]<div class=\"thim-widget-heading template-base\"><div class=\"sc_heading  text-center\"><h3 class=\"title\">S\u00edmbolos <strong>Institucionales<\/strong><\/h3><\/div><\/div>[vc_row_inner][vc_column_inner width=\u00bb1\/2&#8243;][vc_column_text]<\/p>\n<h3 class=\"thim-text-title\">Bandera<\/h3>\n<p><img loading=\"lazy\" decoding=\"async\" class=\"alignleft\" src=\"https:\/\/ieraimundolourdes.edu.co\/web\/wp-content\/uploads\/2019\/07\/raimundo.png\" width=\"210\" height=\"233\" \/>La bandera presenta los colores amarillo y verde.\u00a0 El color amarillo es el color de la fe, el esplendor, la claridad, la sublimidad en general, con este color, se quiere significar la fe, que ha de poner la juventud para luchar y salir siempre adelante, saber que si el joven se propone\u00a0 podr\u00e1 llegar muy lejos.\u00a0 Solo manteniendo la fe viva se podr\u00e1 adquirir una personalidad clara, que de esplendor, no solo en bien propio, sino tambi\u00e9n el de su entorno, logrando as\u00ed un vivir que tienda siempre a lo sublime.<\/p>\n<p>El color verde simboliza la frescura y el reflejo de nuestras monta\u00f1as, la fertilidad de las tierras.\u00a0 Adem\u00e1s nos simboliza el descanso que para la tranquilidad y bien personal.\u00a0 El clima del municipio es siempre fresco y acogedor.[\/vc_column_text][\/vc_column_inner][vc_column_inner width=\u00bb1\/2&#8243;][vc_column_text]<\/p>\n<h3 class=\"thim-text-title\">Escudo<\/h3>\n<p><img loading=\"lazy\" decoding=\"async\" class=\"wp-image-11773 alignleft\" src=\"https:\/\/ieraimundolourdes.edu.co\/web\/wp-content\/uploads\/2022\/09\/escudo_nuevo-300x300.png\" alt=\"\" width=\"201\" height=\"201\" srcset=\"https:\/\/ieraimundolourdes.edu.co\/web\/wp-content\/uploads\/2022\/09\/escudo_nuevo-300x300.png 300w, https:\/\/ieraimundolourdes.edu.co\/web\/wp-content\/uploads\/2022\/09\/escudo_nuevo-1024x1024.png 1024w, https:\/\/ieraimundolourdes.edu.co\/web\/wp-content\/uploads\/2022\/09\/escudo_nuevo-150x150.png 150w, https:\/\/ieraimundolourdes.edu.co\/web\/wp-content\/uploads\/2022\/09\/escudo_nuevo-768x768.png 768w, https:\/\/ieraimundolourdes.edu.co\/web\/wp-content\/uploads\/2022\/09\/escudo_nuevo.png 1500w\" sizes=\"auto, (max-width: 201px) 100vw, 201px\" \/>El Escudo est\u00e1 decorado en su parte superior por una l\u00e1mpara encendida que indica la fe que ha de acompa\u00f1ar a los educandos, para creer que el progreso es posible siempre y cuando el esfuerzo tambi\u00e9n sea sostenido.\u00a0 En su parte interna, presenta dos fajas amarillas y verdes, cuyos colores son los mismos de la bandera.\u00a0 En su parte inferior se encuentra un libro abierto con la pluma al lado derecho, recordando la sabidur\u00eda a la cual debe tener todo estudiante.\u00a0 Debajo del mismo, se encuentran unas ramas de laurel entrelazadas, para significar la victoria a la cual llegan los estudiantes que siempre luchan.<\/p>\n<p><strong><em>Lema: \u201cValores y saberes\u201d.<\/em><\/strong><\/p>\n<p><strong>VALORES<\/strong>: Se refiere a las actitudes y comportamientos que debe tener la Comunidad Educativa, las cuales se demuestran en el sentido de pertenencia hacia la Instituci\u00f3n.<\/p>\n<p><strong>SABERES:<\/strong>\u00a0Es el don que se recibe de lo alto a fin de estar ilustrados cada d\u00eda mejor, buscando un buen perfeccionamiento en todas las obras.[\/vc_column_text][\/vc_column_inner][\/vc_row_inner][\/vc_column][\/vc_row][vc_row full_width=\u00bbstretch_row_content_no_spaces\u00bb css=\u00bb.vc_custom_1563377720470{background-color: #f0f3ff !important;}\u00bb][vc_column][vc_row_inner][vc_column_inner]<div class=\"thim-widget-heading template-base\"><div class=\"sc_heading  text-center\"><h3 class=\"title\"><strong>Himno<\/strong> Institucional<\/h3><span class=\"line\"><\/span><\/div><\/div>[\/vc_column_inner][\/vc_row_inner][vc_row_inner][vc_column_inner width=\u00bb1\/3&#8243;]<div class=\"thim-widget-heading template-base\"><div class=\"sc_heading  text-center\"><h3 class=\"title\">CORO<\/h3><span class=\"line\"><\/span><\/div><\/div>[vc_column_text]<\/p>\n<div style=\"text-align: center;\">Cantemos hoy con voces armoniosas al<br \/>\nColegio que es aula y saber y es taller<br \/>\nAl que nos marca sendas luminosas<br \/>\nPara alcanzar virtudes y saber<br \/>\nBandera del colegio decorada<br \/>\nCon el lirio, la rosa y el amor<br \/>\nLl\u00e9vale a nuestra Patria idolatrada<br \/>\nNobles trofeos, nuevo resplandor<\/div>\n<p>[\/vc_column_text]<div class=\"thim-widget-heading template-base\"><div class=\"sc_heading  text-center\"><h3 class=\"title\">III<\/h3><span class=\"line\"><\/span><\/div><\/div>[vc_column_text]<\/p>\n<div style=\"text-align: center;\">De nuestros montes divisamos la grandeza<br \/>\nPueblo de Lourdes tu encanto es tradicional<br \/>\nY del colegio ense\u00f1amos la bandera<br \/>\nQue identifica la riqueza y la moral<br \/>\nVamos entonces difundiendo nuestro grito<br \/>\nQue con su eco, el alto traspasar\u00e1<\/div>\n<p>[\/vc_column_text][\/vc_column_inner][vc_column_inner width=\u00bb1\/3&#8243;]<div class=\"thim-widget-heading template-base\"><div class=\"sc_heading  text-center\"><h3 class=\"title\">I<\/h3><span class=\"line\"><\/span><\/div><\/div>[vc_column_text]<\/p>\n<div style=\"text-align: center;\">En el estudio, pura fuente de riquezas<br \/>\nEs el colegio, creador de claridad<br \/>\nAqu\u00ed labramos de Colombia la grandeza,<br \/>\nAqu\u00ed vivimos las consignas de la Paz.<br \/>\nAqu\u00ed de Cristo el evangelio nos alumbra<br \/>\nNos da la patria su alto escudo protector,<br \/>\nAqu\u00ed aprendemos la lecci\u00f3n del sacrificio<br \/>\nDe las virtudes, los saberes y el valor.<\/div>\n<p>[\/vc_column_text][\/vc_column_inner][vc_column_inner width=\u00bb1\/3&#8243;]<div class=\"thim-widget-heading template-base\"><div class=\"sc_heading  text-center\"><h3 class=\"title\">II<\/h3><span class=\"line\"><\/span><\/div><\/div>[vc_column_text]<\/p>\n<div style=\"text-align: center;\">En nuestra tierra forjadora de bravuras<br \/>\nNoble maestra en la entereza del vivir<br \/>\nSu ejemplo nos convoca a dominar alturas<br \/>\nY conquistar esplendoroso porvenir<br \/>\nAdornar\u00e1n verdes laureles la bandera<br \/>\nColombia entera enaltecida brillar\u00e1<br \/>\nViva el Colegio manantial de patriotismo<br \/>\nJam\u00e1s mi mente su ense\u00f1anza olvidar\u00e1<\/div>\n<p>[\/vc_column_text][\/vc_column_inner][\/vc_row_inner][vc_column_text]<\/p>\n<p style=\"text-align: center;\">ROSARIO DUARTE, tu ejemplo guarda este hijo<\/p>\n<p style=\"text-align: center;\">RAIMUNDO ORDO\u00d1EZ, tu estrella perdurar\u00e1.<\/p>\n<p>[\/vc_column_text][\/vc_column][\/vc_row]<\/p>\n<\/div>","protected":false},"excerpt":{"rendered":"<p>[vc_row][vc_column][\/vc_column][\/vc_row][vc_row css=\u00bb.vc_custom_1559531433775{margin-bottom: 15px !important;}\u00bb][vc_column width=\u00bb1\/2&#8243; css=\u00bb.vc_custom_1563377519349{margin-bottom: 30px !important;}\u00bb][vc_column_text] Misi\u00f3n La instituci\u00f3n Educativa Raimundo Ord\u00f3\u00f1ez Y\u00e1\u00f1ez, ofrece Educaci\u00f3n formal Inclusiva para ni\u00f1os, ni\u00f1as, j\u00f3venes y adultos en los niveles de preescolar, b\u00e1sica primaria y secundaria, Media T\u00e9cnica y Proyecto\u00a0Ser Humano; formando &hellip; <\/p>\n","protected":false},"author":1,"featured_media":0,"parent":0,"menu_order":0,"comment_status":"closed","ping_status":"closed","template":"","meta":{"footnotes":""},"class_list":["post-11502","page","type-page","status-publish","hentry"],"_links":{"self":[{"href":"https:\/\/ieraimundolourdes.edu.co\/web\/wp-json\/wp\/v2\/pages\/11502","targetHints":{"allow":["GET"]}}],"collection":[{"href":"https:\/\/ieraimundolourdes.edu.co\/web\/wp-json\/wp\/v2\/pages"}],"about":[{"href":"https:\/\/ieraimundolourdes.edu.co\/web\/wp-json\/wp\/v2\/types\/page"}],"author":[{"embeddable":true,"href":"https:\/\/ieraimundolourdes.edu.co\/web\/wp-json\/wp\/v2\/users\/1"}],"replies":[{"embeddable":true,"href":"https:\/\/ieraimundolourdes.edu.co\/web\/wp-json\/wp\/v2\/comments?post=11502"}],"version-history":[{"count":5,"href":"https:\/\/ieraimundolourdes.edu.co\/web\/wp-json\/wp\/v2\/pages\/11502\/revisions"}],"predecessor-version":[{"id":11812,"href":"https:\/\/ieraimundolourdes.edu.co\/web\/wp-json\/wp\/v2\/pages\/11502\/revisions\/11812"}],"wp:attachment":[{"href":"https:\/\/ieraimundolourdes.edu.co\/web\/wp-json\/wp\/v2\/media?parent=11502"}],"curies":[{"name":"wp","href":"https:\/\/api.w.org\/{rel}","templated":true}]}}